{"id":88,"date":"2021-06-30T14:43:10","date_gmt":"2021-06-30T14:43:10","guid":{"rendered":"https:\/\/jobs.hallmark.be\/en\/?page_id=88"},"modified":"2022-01-12T13:37:34","modified_gmt":"2022-01-12T13:37:34","slug":"contact","status":"publish","type":"page","link":"https:\/\/jobs.hallmark.be\/fr\/contact\/","title":{"rendered":"Contact"},"content":{"rendered":"\t\t<div data-elementor-type=\"wp-page\" data-elementor-id=\"88\" class=\"elementor elementor-88\" data-elementor-post-type=\"page\">\n\t\t\t\t\t\t<section class=\"elementor-section elementor-top-section elementor-element elementor-element-570f9f02 elementor-section-boxed elementor-section-height-default elementor-section-height-default\" data-id=\"570f9f02\" data-element_type=\"section\" data-e-type=\"section\" data-settings=\"{&quot;background_background&quot;:&quot;classic&quot;}\">\n\t\t\t\t\t\t<div class=\"elementor-container elementor-column-gap-default\">\n\t\t\t\t\t<div class=\"elementor-column elementor-col-100 elementor-top-column elementor-element elementor-element-148275cd\" data-id=\"148275cd\" data-element_type=\"column\" data-e-type=\"column\">\n\t\t\t<div class=\"elementor-widget-wrap elementor-element-populated\">\n\t\t\t\t\t\t<div class=\"elementor-element elementor-element-14d95a0b elementor-widget elementor-widget-breadcrumbs\" data-id=\"14d95a0b\" data-element_type=\"widget\" data-e-type=\"widget\" data-widget_type=\"breadcrumbs.default\">\n\t\t\t\t<div class=\"elementor-widget-container\">\n\t\t\t\t\t<p id=\"breadcrumbs\"><span><span><a href=\"https:\/\/jobs.hallmark.be\/fr\/\">Home<\/a><\/span><\/span><\/p>\t\t\t\t<\/div>\n\t\t\t\t<\/div>\n\t\t\t\t\t<\/div>\n\t\t<\/div>\n\t\t\t\t\t<\/div>\n\t\t<\/section>\n\t\t\t\t<section class=\"elementor-section elementor-top-section elementor-element elementor-element-4bef040 elementor-section-height-min-height elementor-section-items-top elementor-hidden-phone elementor-section-boxed elementor-section-height-default\" data-id=\"4bef040\" data-element_type=\"section\" data-e-type=\"section\" data-settings=\"{&quot;background_background&quot;:&quot;video&quot;,&quot;background_video_link&quot;:&quot;https:\\\/\\\/www.youtube.com\\\/watch?v=_jtRo8XhT5g&quot;,&quot;background_play_on_mobile&quot;:&quot;yes&quot;}\">\n\t\t\t\t\t\t\t\t<div class=\"elementor-background-video-container\">\n\t\t\t\t\t\t\t\t\t\t\t\t\t<div class=\"elementor-background-video-embed\" role=\"presentation\"><\/div>\n\t\t\t\t\t\t\t\t\t\t\t\t<\/div>\n\t\t\t\t\t\t\t\t<div class=\"elementor-container elementor-column-gap-default\">\n\t\t\t\t\t<div class=\"elementor-column elementor-col-100 elementor-top-column elementor-element elementor-element-34b02fc\" data-id=\"34b02fc\" data-element_type=\"column\" data-e-type=\"column\">\n\t\t\t<div class=\"elementor-widget-wrap\">\n\t\t\t\t\t\t\t<\/div>\n\t\t<\/div>\n\t\t\t\t\t<\/div>\n\t\t<\/section>\n\t\t\t\t<section class=\"elementor-section elementor-top-section elementor-element elementor-element-8df4de5 elementor-section-boxed elementor-section-height-default elementor-section-height-default\" data-id=\"8df4de5\" data-element_type=\"section\" data-e-type=\"section\">\n\t\t\t\t\t\t<div class=\"elementor-container elementor-column-gap-default\">\n\t\t\t\t\t<div class=\"elementor-column elementor-col-100 elementor-top-column elementor-element elementor-element-9b35efa\" data-id=\"9b35efa\" data-element_type=\"column\" data-e-type=\"column\">\n\t\t\t<div class=\"elementor-widget-wrap elementor-element-populated\">\n\t\t\t\t\t\t\t<\/div>\n\t\t<\/div>\n\t\t\t\t\t<\/div>\n\t\t<\/section>\n\t\t\t\t<section class=\"elementor-section elementor-top-section elementor-element elementor-element-fa6b248 elementor-section-boxed elementor-section-height-default elementor-section-height-default\" data-id=\"fa6b248\" data-element_type=\"section\" data-e-type=\"section\" data-settings=\"{&quot;background_background&quot;:&quot;slideshow&quot;,&quot;background_slideshow_gallery&quot;:[],&quot;background_slideshow_loop&quot;:&quot;yes&quot;,&quot;background_slideshow_slide_duration&quot;:5000,&quot;background_slideshow_slide_transition&quot;:&quot;fade&quot;,&quot;background_slideshow_transition_duration&quot;:500}\">\n\t\t\t\t\t\t<div class=\"elementor-container elementor-column-gap-default\">\n\t\t\t\t\t<div class=\"elementor-column elementor-col-66 elementor-top-column elementor-element elementor-element-0ff569b\" data-id=\"0ff569b\" data-element_type=\"column\" data-e-type=\"column\">\n\t\t\t<div class=\"elementor-widget-wrap elementor-element-populated\">\n\t\t\t\t\t\t<div class=\"elementor-element elementor-element-9022e26 elementor-widget elementor-widget-heading\" data-id=\"9022e26\" data-element_type=\"widget\" data-e-type=\"widget\" data-widget_type=\"heading.default\">\n\t\t\t\t<div class=\"elementor-widget-container\">\n\t\t\t\t\t<h2 class=\"elementor-heading-title elementor-size-default\">Des questions \u00e0 propos d'une offre d\u2019emploi ou du travail chez Hallmark?<\/h2>\t\t\t\t<\/div>\n\t\t\t\t<\/div>\n\t\t\t\t<div class=\"elementor-element elementor-element-8e35d35 elementor-widget elementor-widget-text-editor\" data-id=\"8e35d35\" data-element_type=\"widget\" data-e-type=\"widget\" data-widget_type=\"text-editor.default\">\n\t\t\t\t<div class=\"elementor-widget-container\">\n\t\t\t\t\t\t\t\t\t<p>Veuillez nous contacter en utilisant l&rsquo;un des formulaires ci-dessous. Nous nous effor\u00e7ons de vous r\u00e9pondre dans les plus brefs d\u00e9lais.\u00a0<\/p>\t\t\t\t\t\t\t\t<\/div>\n\t\t\t\t<\/div>\n\t\t\t\t<div class=\"elementor-element elementor-element-757a9a6 elementor-button-align-stretch elementor-widget elementor-widget-form\" data-id=\"757a9a6\" data-element_type=\"widget\" data-e-type=\"widget\" data-settings=\"{&quot;step_next_label&quot;:&quot;Next&quot;,&quot;step_previous_label&quot;:&quot;Previous&quot;,&quot;button_width&quot;:&quot;100&quot;,&quot;step_type&quot;:&quot;number_text&quot;,&quot;step_icon_shape&quot;:&quot;circle&quot;}\" data-widget_type=\"form.default\">\n\t\t\t\t<div class=\"elementor-widget-container\">\n\t\t\t\t\t\t\t<form class=\"elementor-form\" method=\"post\" name=\"New Form\" aria-label=\"New Form\">\n\t\t\t<input type=\"hidden\" name=\"post_id\" value=\"88\"\/>\n\t\t\t<input type=\"hidden\" name=\"form_id\" value=\"757a9a6\"\/>\n\t\t\t<input type=\"hidden\" name=\"referer_title\" value=\"Travailler chez Hallmark\" \/>\n\n\t\t\t\n\t\t\t<div class=\"elementor-form-fields-wrapper elementor-labels-above\">\n\t\t\t\t\t\t\t\t<div class=\"elementor-field-type-text elementor-field-group elementor-column elementor-field-group-name elementor-col-100\">\n\t\t\t\t\t\t\t\t\t\t\t\t<label for=\"form-field-name\" class=\"elementor-field-label\">\n\t\t\t\t\t\t\t\tNom\t\t\t\t\t\t\t<\/label>\n\t\t\t\t\t\t\t\t\t\t\t\t\t\t<input size=\"1\" type=\"text\" name=\"form_fields[name]\" id=\"form-field-name\" class=\"elementor-field elementor-size-md  elementor-field-textual\">\n\t\t\t\t\t\t\t\t\t\t\t<\/div>\n\t\t\t\t\t\t\t\t<div class=\"elementor-field-type-email elementor-field-group elementor-column elementor-field-group-email elementor-col-100 elementor-field-required\">\n\t\t\t\t\t\t\t\t\t\t\t\t<label for=\"form-field-email\" class=\"elementor-field-label\">\n\t\t\t\t\t\t\t\tEmail\t\t\t\t\t\t\t<\/label>\n\t\t\t\t\t\t\t\t\t\t\t\t\t\t<input size=\"1\" type=\"email\" name=\"form_fields[email]\" id=\"form-field-email\" class=\"elementor-field elementor-size-md  elementor-field-textual\" required=\"required\">\n\t\t\t\t\t\t\t\t\t\t\t<\/div>\n\t\t\t\t\t\t\t\t<div class=\"elementor-field-type-textarea elementor-field-group elementor-column elementor-field-group-message elementor-col-100\">\n\t\t\t\t\t\t\t\t\t\t\t\t<label for=\"form-field-message\" class=\"elementor-field-label\">\n\t\t\t\t\t\t\t\tMessage\t\t\t\t\t\t\t<\/label>\n\t\t\t\t\t\t<textarea class=\"elementor-field-textual elementor-field  elementor-size-md\" name=\"form_fields[message]\" id=\"form-field-message\" rows=\"11\"><\/textarea>\t\t\t\t<\/div>\n\t\t\t\t\t\t\t\t<div class=\"elementor-field-group elementor-column elementor-field-type-submit elementor-col-100 e-form__buttons\">\n\t\t\t\t\t<button class=\"elementor-button elementor-size-sm\" type=\"submit\">\n\t\t\t\t\t\t<span class=\"elementor-button-content-wrapper\">\n\t\t\t\t\t\t\t\t\t\t\t\t\t\t\t\t\t\t\t\t\t\t<span class=\"elementor-button-text\">Exp\u00e9dier<\/span>\n\t\t\t\t\t\t\t\t\t\t\t\t\t<\/span>\n\t\t\t\t\t<\/button>\n\t\t\t\t<\/div>\n\t\t\t<\/div>\n\t\t<\/form>\n\t\t\t\t\t\t<\/div>\n\t\t\t\t<\/div>\n\t\t\t\t\t<\/div>\n\t\t<\/div>\n\t\t\t\t<div class=\"elementor-column elementor-col-33 elementor-top-column elementor-element elementor-element-4c029d7\" data-id=\"4c029d7\" data-element_type=\"column\" data-e-type=\"column\">\n\t\t\t<div class=\"elementor-widget-wrap elementor-element-populated\">\n\t\t\t\t\t\t<div class=\"elementor-element elementor-element-0411f4b elementor-widget elementor-widget-google_maps\" data-id=\"0411f4b\" data-element_type=\"widget\" data-e-type=\"widget\" data-widget_type=\"google_maps.default\">\n\t\t\t\t<div class=\"elementor-widget-container\">\n\t\t\t\t\t\t\t<div class=\"elementor-custom-embed\">\n\t\t\t<iframe loading=\"lazy\"\n\t\t\t\t\tsrc=\"https:\/\/www.google.com\/maps\/embed\/v1\/place?key=AIzaSyCcqIQgEmNGuxUvGS-1o0o_DqyZvOTpaco&#038;q=industriepark%20brechtsebaan%204&#038;zoom=9\"\n\t\t\t\t\ttitle=\"industriepark brechtsebaan 4\"\n\t\t\t\t\taria-label=\"industriepark brechtsebaan 4\"\n\t\t\t><\/iframe>\n\t\t<\/div>\n\t\t\t\t\t\t<\/div>\n\t\t\t\t<\/div>\n\t\t\t\t<div class=\"elementor-element elementor-element-077043d elementor-widget elementor-widget-text-editor\" data-id=\"077043d\" data-element_type=\"widget\" data-e-type=\"widget\" data-widget_type=\"text-editor.default\">\n\t\t\t\t<div class=\"elementor-widget-container\">\n\t\t\t\t\t\t\t\t\t<p><b>Bureau<br \/><\/b><span class=\"LrzXr\">Industriepark Brechtsebaan 4<\/span><br \/>2900 Schoten<\/p><p><span aria-label=\"Telefoonnummer +32 3 685 11 30 bellen\">+32 3 685 11 30<\/span><\/p>\t\t\t\t\t\t\t\t<\/div>\n\t\t\t\t<\/div>\n\t\t\t\t<div class=\"elementor-element elementor-element-a5c3b82 elementor-widget elementor-widget-heading\" data-id=\"a5c3b82\" data-element_type=\"widget\" data-e-type=\"widget\" data-widget_type=\"heading.default\">\n\t\t\t\t<div class=\"elementor-widget-container\">\n\t\t\t\t\t<h2 class=\"elementor-heading-title elementor-size-default\">Suivez nous<\/h2>\t\t\t\t<\/div>\n\t\t\t\t<\/div>\n\t\t\t\t<div class=\"elementor-element elementor-element-3c61514 elementor-shape-circle e-grid-align-left elementor-grid-0 elementor-widget elementor-widget-social-icons\" data-id=\"3c61514\" data-element_type=\"widget\" data-e-type=\"widget\" data-widget_type=\"social-icons.default\">\n\t\t\t\t<div class=\"elementor-widget-container\">\n\t\t\t\t\t\t\t<div class=\"elementor-social-icons-wrapper elementor-grid\" role=\"list\">\n\t\t\t\t\t\t\t<span class=\"elementor-grid-item\" role=\"listitem\">\n\t\t\t\t\t<a class=\"elementor-icon elementor-social-icon elementor-social-icon-icon-social-linkedin elementor-repeater-item-1df0260\" href=\"https:\/\/www.linkedin.com\/company\/hallmark-cards-benelux\/\" target=\"_blank\">\n\t\t\t\t\t\t<span class=\"elementor-screen-only\">Icon-social-linkedin<\/span>\n\t\t\t\t\t\t<i aria-hidden=\"true\" class=\"icon icon-social-linkedin\"><\/i>\t\t\t\t\t<\/a>\n\t\t\t\t<\/span>\n\t\t\t\t\t\t\t<span class=\"elementor-grid-item\" role=\"listitem\">\n\t\t\t\t\t<a class=\"elementor-icon elementor-social-icon elementor-social-icon-icon-social-instagram elementor-repeater-item-87621dc\" href=\"https:\/\/www.instagram.com\/hallmark_nl\/\" target=\"_blank\">\n\t\t\t\t\t\t<span class=\"elementor-screen-only\">Icon-social-instagram<\/span>\n\t\t\t\t\t\t<i aria-hidden=\"true\" class=\"icon icon-social-instagram\"><\/i>\t\t\t\t\t<\/a>\n\t\t\t\t<\/span>\n\t\t\t\t\t\t\t<span class=\"elementor-grid-item\" role=\"listitem\">\n\t\t\t\t\t<a class=\"elementor-icon elementor-social-icon elementor-social-icon-icon-social-facebook elementor-repeater-item-5eaf3b7\" href=\"https:\/\/www.facebook.com\/HallmarkNederland\/\" target=\"_blank\">\n\t\t\t\t\t\t<span class=\"elementor-screen-only\">Icon-social-facebook<\/span>\n\t\t\t\t\t\t<i aria-hidden=\"true\" class=\"icon icon-social-facebook\"><\/i>\t\t\t\t\t<\/a>\n\t\t\t\t<\/span>\n\t\t\t\t\t\t\t<span class=\"elementor-grid-item\" role=\"listitem\">\n\t\t\t\t\t<a class=\"elementor-icon elementor-social-icon elementor-social-icon-youtube elementor-repeater-item-a78f9f3\" href=\"https:\/\/www.youtube.com\/user\/HallmarkNederland\" target=\"_blank\">\n\t\t\t\t\t\t<span class=\"elementor-screen-only\">Youtube<\/span>\n\t\t\t\t\t\t<i aria-hidden=\"true\" class=\"fab fa-youtube\"><\/i>\t\t\t\t\t<\/a>\n\t\t\t\t<\/span>\n\t\t\t\t\t<\/div>\n\t\t\t\t\t\t<\/div>\n\t\t\t\t<\/div>\n\t\t\t\t\t<\/div>\n\t\t<\/div>\n\t\t\t\t\t<\/div>\n\t\t<\/section>\n\t\t\t\t<\/div>\n\t\t","protected":false},"excerpt":{"rendered":"<p>Des questions \u00e0 propos d&rsquo;une offre d\u2019emploi ou du travail chez Hallmark? Veuillez nous contacter en utilisant l&rsquo;un des formulaires ci-dessous. Nous nous effor\u00e7ons de vous r\u00e9pondre dans les plus brefs d\u00e9lais. BureauIndustriepark Brechtsebaan 42900 Schoten +32 3 685 11 30 Suivez nous Icon-social-linkedin Icon-social-instagram Icon-social-facebook Youtube<\/p>\n","protected":false},"author":1,"featured_media":1126,"parent":0,"menu_order":0,"comment_status":"closed","ping_status":"closed","template":"elementor_header_footer","meta":{"_acf_changed":false,"footnotes":""},"class_list":["post-88","page","type-page","status-publish","has-post-thumbnail","hentry"],"acf":[],"yoast_head":"<!-- This site is optimized with the Yoast SEO plugin v27.4 - https:\/\/yoast.com\/product\/yoast-seo-wordpress\/ -->\n<title>Contact - Travailler chez Hallmark<\/title>\n<meta name=\"robots\" content=\"index, follow, max-snippet:-1, max-image-preview:large, max-video-preview:-1\" \/>\n<link rel=\"canonical\" href=\"https:\/\/jobs.hallmark.be\/fr\/contact\/\" \/>\n<meta property=\"og:locale\" content=\"fr_FR\" \/>\n<meta property=\"og:type\" content=\"article\" \/>\n<meta property=\"og:title\" content=\"Contact - Travailler chez Hallmark\" \/>\n<meta property=\"og:description\" content=\"Des questions \u00e0 propos d&rsquo;une offre d\u2019emploi ou du travail chez Hallmark? Veuillez nous contacter en utilisant l&rsquo;un des formulaires ci-dessous. Nous nous effor\u00e7ons de vous r\u00e9pondre dans les plus brefs d\u00e9lais. BureauIndustriepark Brechtsebaan 42900 Schoten +32 3 685 11 30 Suivez nous Icon-social-linkedin Icon-social-instagram Icon-social-facebook Youtube\" \/>\n<meta property=\"og:url\" content=\"https:\/\/jobs.hallmark.be\/fr\/contact\/\" \/>\n<meta property=\"og:site_name\" content=\"Travailler chez Hallmark\" \/>\n<meta property=\"article:modified_time\" content=\"2022-01-12T13:37:34+00:00\" \/>\n<meta property=\"og:image\" content=\"https:\/\/jobs.hallmark.be\/fr\/wp-content\/uploads\/sites\/3\/2021\/07\/Hallmark-header-\u2013-1.jpg\" \/>\n\t<meta property=\"og:image:width\" content=\"1920\" \/>\n\t<meta property=\"og:image:height\" content=\"448\" \/>\n\t<meta property=\"og:image:type\" content=\"image\/jpeg\" \/>\n<meta name=\"twitter:card\" content=\"summary_large_image\" \/>\n<meta name=\"twitter:label1\" content=\"Dur\u00e9e de lecture est.\" \/>\n\t<meta name=\"twitter:data1\" content=\"1 minute\" \/>\n<script type=\"application\/ld+json\" class=\"yoast-schema-graph\">{\"@context\":\"https:\\\/\\\/schema.org\",\"@graph\":[{\"@type\":\"WebPage\",\"@id\":\"https:\\\/\\\/jobs.hallmark.be\\\/fr\\\/contact\\\/\",\"url\":\"https:\\\/\\\/jobs.hallmark.be\\\/fr\\\/contact\\\/\",\"name\":\"Contact - Travailler chez Hallmark\",\"isPartOf\":{\"@id\":\"https:\\\/\\\/jobs.hallmark.be\\\/fr\\\/#website\"},\"primaryImageOfPage\":{\"@id\":\"https:\\\/\\\/jobs.hallmark.be\\\/fr\\\/contact\\\/#primaryimage\"},\"image\":{\"@id\":\"https:\\\/\\\/jobs.hallmark.be\\\/fr\\\/contact\\\/#primaryimage\"},\"thumbnailUrl\":\"https:\\\/\\\/jobs.hallmark.be\\\/fr\\\/wp-content\\\/uploads\\\/sites\\\/3\\\/2021\\\/07\\\/Hallmark-header-\u2013-1.jpg\",\"datePublished\":\"2021-06-30T14:43:10+00:00\",\"dateModified\":\"2022-01-12T13:37:34+00:00\",\"breadcrumb\":{\"@id\":\"https:\\\/\\\/jobs.hallmark.be\\\/fr\\\/contact\\\/#breadcrumb\"},\"inLanguage\":\"fr-BE\",\"potentialAction\":[{\"@type\":\"ReadAction\",\"target\":[\"https:\\\/\\\/jobs.hallmark.be\\\/fr\\\/contact\\\/\"]}]},{\"@type\":\"ImageObject\",\"inLanguage\":\"fr-BE\",\"@id\":\"https:\\\/\\\/jobs.hallmark.be\\\/fr\\\/contact\\\/#primaryimage\",\"url\":\"https:\\\/\\\/jobs.hallmark.be\\\/fr\\\/wp-content\\\/uploads\\\/sites\\\/3\\\/2021\\\/07\\\/Hallmark-header-\u2013-1.jpg\",\"contentUrl\":\"https:\\\/\\\/jobs.hallmark.be\\\/fr\\\/wp-content\\\/uploads\\\/sites\\\/3\\\/2021\\\/07\\\/Hallmark-header-\u2013-1.jpg\",\"width\":1920,\"height\":448},{\"@type\":\"BreadcrumbList\",\"@id\":\"https:\\\/\\\/jobs.hallmark.be\\\/fr\\\/contact\\\/#breadcrumb\",\"itemListElement\":[{\"@type\":\"ListItem\",\"position\":1,\"name\":\"Home\",\"item\":\"https:\\\/\\\/jobs.hallmark.be\\\/fr\\\/\"},{\"@type\":\"ListItem\",\"position\":2,\"name\":\"Contact\"}]},{\"@type\":\"WebSite\",\"@id\":\"https:\\\/\\\/jobs.hallmark.be\\\/fr\\\/#website\",\"url\":\"https:\\\/\\\/jobs.hallmark.be\\\/fr\\\/\",\"name\":\"Travailler chez Hallmark\",\"description\":\"Voir et saisir les opportunit\u00e9s\",\"publisher\":{\"@id\":\"https:\\\/\\\/jobs.hallmark.be\\\/fr\\\/#organization\"},\"potentialAction\":[{\"@type\":\"SearchAction\",\"target\":{\"@type\":\"EntryPoint\",\"urlTemplate\":\"https:\\\/\\\/jobs.hallmark.be\\\/fr\\\/?s={search_term_string}\"},\"query-input\":{\"@type\":\"PropertyValueSpecification\",\"valueRequired\":true,\"valueName\":\"search_term_string\"}}],\"inLanguage\":\"fr-BE\"},{\"@type\":\"Organization\",\"@id\":\"https:\\\/\\\/jobs.hallmark.be\\\/fr\\\/#organization\",\"name\":\"Hallmark\",\"url\":\"https:\\\/\\\/jobs.hallmark.be\\\/fr\\\/\",\"logo\":{\"@type\":\"ImageObject\",\"inLanguage\":\"fr-BE\",\"@id\":\"https:\\\/\\\/jobs.hallmark.be\\\/fr\\\/#\\\/schema\\\/logo\\\/image\\\/\",\"url\":\"https:\\\/\\\/jobs.hallmark.be\\\/fr\\\/wp-content\\\/uploads\\\/sites\\\/3\\\/2021\\\/06\\\/Hallmark-logo.svg\",\"contentUrl\":\"https:\\\/\\\/jobs.hallmark.be\\\/fr\\\/wp-content\\\/uploads\\\/sites\\\/3\\\/2021\\\/06\\\/Hallmark-logo.svg\",\"width\":1,\"height\":1,\"caption\":\"Hallmark\"},\"image\":{\"@id\":\"https:\\\/\\\/jobs.hallmark.be\\\/fr\\\/#\\\/schema\\\/logo\\\/image\\\/\"}}]}<\/script>\n<!-- \/ Yoast SEO plugin. -->","yoast_head_json":{"title":"Contact - Travailler chez Hallmark","robots":{"index":"index","follow":"follow","max-snippet":"max-snippet:-1","max-image-preview":"max-image-preview:large","max-video-preview":"max-video-preview:-1"},"canonical":"https:\/\/jobs.hallmark.be\/fr\/contact\/","og_locale":"fr_FR","og_type":"article","og_title":"Contact - Travailler chez Hallmark","og_description":"Des questions \u00e0 propos d&rsquo;une offre d\u2019emploi ou du travail chez Hallmark? Veuillez nous contacter en utilisant l&rsquo;un des formulaires ci-dessous. Nous nous effor\u00e7ons de vous r\u00e9pondre dans les plus brefs d\u00e9lais. BureauIndustriepark Brechtsebaan 42900 Schoten +32 3 685 11 30 Suivez nous Icon-social-linkedin Icon-social-instagram Icon-social-facebook Youtube","og_url":"https:\/\/jobs.hallmark.be\/fr\/contact\/","og_site_name":"Travailler chez Hallmark","article_modified_time":"2022-01-12T13:37:34+00:00","og_image":[{"width":1920,"height":448,"url":"https:\/\/jobs.hallmark.be\/fr\/wp-content\/uploads\/sites\/3\/2021\/07\/Hallmark-header-\u2013-1.jpg","type":"image\/jpeg"}],"twitter_card":"summary_large_image","twitter_misc":{"Dur\u00e9e de lecture est.":"1 minute"},"schema":{"@context":"https:\/\/schema.org","@graph":[{"@type":"WebPage","@id":"https:\/\/jobs.hallmark.be\/fr\/contact\/","url":"https:\/\/jobs.hallmark.be\/fr\/contact\/","name":"Contact - Travailler chez Hallmark","isPartOf":{"@id":"https:\/\/jobs.hallmark.be\/fr\/#website"},"primaryImageOfPage":{"@id":"https:\/\/jobs.hallmark.be\/fr\/contact\/#primaryimage"},"image":{"@id":"https:\/\/jobs.hallmark.be\/fr\/contact\/#primaryimage"},"thumbnailUrl":"https:\/\/jobs.hallmark.be\/fr\/wp-content\/uploads\/sites\/3\/2021\/07\/Hallmark-header-\u2013-1.jpg","datePublished":"2021-06-30T14:43:10+00:00","dateModified":"2022-01-12T13:37:34+00:00","breadcrumb":{"@id":"https:\/\/jobs.hallmark.be\/fr\/contact\/#breadcrumb"},"inLanguage":"fr-BE","potentialAction":[{"@type":"ReadAction","target":["https:\/\/jobs.hallmark.be\/fr\/contact\/"]}]},{"@type":"ImageObject","inLanguage":"fr-BE","@id":"https:\/\/jobs.hallmark.be\/fr\/contact\/#primaryimage","url":"https:\/\/jobs.hallmark.be\/fr\/wp-content\/uploads\/sites\/3\/2021\/07\/Hallmark-header-\u2013-1.jpg","contentUrl":"https:\/\/jobs.hallmark.be\/fr\/wp-content\/uploads\/sites\/3\/2021\/07\/Hallmark-header-\u2013-1.jpg","width":1920,"height":448},{"@type":"BreadcrumbList","@id":"https:\/\/jobs.hallmark.be\/fr\/contact\/#breadcrumb","itemListElement":[{"@type":"ListItem","position":1,"name":"Home","item":"https:\/\/jobs.hallmark.be\/fr\/"},{"@type":"ListItem","position":2,"name":"Contact"}]},{"@type":"WebSite","@id":"https:\/\/jobs.hallmark.be\/fr\/#website","url":"https:\/\/jobs.hallmark.be\/fr\/","name":"Travailler chez Hallmark","description":"Voir et saisir les opportunit\u00e9s","publisher":{"@id":"https:\/\/jobs.hallmark.be\/fr\/#organization"},"potentialAction":[{"@type":"SearchAction","target":{"@type":"EntryPoint","urlTemplate":"https:\/\/jobs.hallmark.be\/fr\/?s={search_term_string}"},"query-input":{"@type":"PropertyValueSpecification","valueRequired":true,"valueName":"search_term_string"}}],"inLanguage":"fr-BE"},{"@type":"Organization","@id":"https:\/\/jobs.hallmark.be\/fr\/#organization","name":"Hallmark","url":"https:\/\/jobs.hallmark.be\/fr\/","logo":{"@type":"ImageObject","inLanguage":"fr-BE","@id":"https:\/\/jobs.hallmark.be\/fr\/#\/schema\/logo\/image\/","url":"https:\/\/jobs.hallmark.be\/fr\/wp-content\/uploads\/sites\/3\/2021\/06\/Hallmark-logo.svg","contentUrl":"https:\/\/jobs.hallmark.be\/fr\/wp-content\/uploads\/sites\/3\/2021\/06\/Hallmark-logo.svg","width":1,"height":1,"caption":"Hallmark"},"image":{"@id":"https:\/\/jobs.hallmark.be\/fr\/#\/schema\/logo\/image\/"}}]}},"_links":{"self":[{"href":"https:\/\/jobs.hallmark.be\/fr\/wp-json\/wp\/v2\/pages\/88","targetHints":{"allow":["GET"]}}],"collection":[{"href":"https:\/\/jobs.hallmark.be\/fr\/wp-json\/wp\/v2\/pages"}],"about":[{"href":"https:\/\/jobs.hallmark.be\/fr\/wp-json\/wp\/v2\/types\/page"}],"author":[{"embeddable":true,"href":"https:\/\/jobs.hallmark.be\/fr\/wp-json\/wp\/v2\/users\/1"}],"replies":[{"embeddable":true,"href":"https:\/\/jobs.hallmark.be\/fr\/wp-json\/wp\/v2\/comments?post=88"}],"version-history":[{"count":64,"href":"https:\/\/jobs.hallmark.be\/fr\/wp-json\/wp\/v2\/pages\/88\/revisions"}],"predecessor-version":[{"id":2562,"href":"https:\/\/jobs.hallmark.be\/fr\/wp-json\/wp\/v2\/pages\/88\/revisions\/2562"}],"wp:featuredmedia":[{"embeddable":true,"href":"https:\/\/jobs.hallmark.be\/fr\/wp-json\/wp\/v2\/media\/1126"}],"wp:attachment":[{"href":"https:\/\/jobs.hallmark.be\/fr\/wp-json\/wp\/v2\/media?parent=88"}],"curies":[{"name":"wp","href":"https:\/\/api.w.org\/{rel}","templated":true}]}}