{"id":1221,"date":"2021-07-26T10:00:41","date_gmt":"2021-07-26T10:00:41","guid":{"rendered":"https:\/\/jobs.hallmark.be\/en\/?page_id=1221"},"modified":"2022-01-07T09:31:17","modified_gmt":"2022-01-07T09:31:17","slug":"sales-2","status":"publish","type":"page","link":"https:\/\/jobs.hallmark.be\/fr\/domaines-de-competences\/sales-2\/","title":{"rendered":"Sales"},"content":{"rendered":"\t\t<div data-elementor-type=\"wp-page\" data-elementor-id=\"1221\" class=\"elementor elementor-1221\" data-elementor-post-type=\"page\">\n\t\t\t\t\t\t<section class=\"elementor-section elementor-top-section elementor-element elementor-element-6c81fb11 elementor-section-boxed elementor-section-height-default elementor-section-height-default\" data-id=\"6c81fb11\" data-element_type=\"section\" data-e-type=\"section\" data-settings=\"{&quot;background_background&quot;:&quot;classic&quot;}\">\n\t\t\t\t\t\t<div class=\"elementor-container elementor-column-gap-default\">\n\t\t\t\t\t<div class=\"elementor-column elementor-col-100 elementor-top-column elementor-element elementor-element-7edf03af\" data-id=\"7edf03af\" data-element_type=\"column\" data-e-type=\"column\">\n\t\t\t<div class=\"elementor-widget-wrap elementor-element-populated\">\n\t\t\t\t\t\t<div class=\"elementor-element elementor-element-5f0c525c elementor-widget elementor-widget-breadcrumbs\" data-id=\"5f0c525c\" data-element_type=\"widget\" data-e-type=\"widget\" data-widget_type=\"breadcrumbs.default\">\n\t\t\t\t<div class=\"elementor-widget-container\">\n\t\t\t\t\t<p id=\"breadcrumbs\"><span><span><a href=\"https:\/\/jobs.hallmark.be\/fr\/\">Home<\/a><\/span><\/span><\/p>\t\t\t\t<\/div>\n\t\t\t\t<\/div>\n\t\t\t\t\t<\/div>\n\t\t<\/div>\n\t\t\t\t\t<\/div>\n\t\t<\/section>\n\t\t\t\t<section class=\"elementor-section elementor-top-section elementor-element elementor-element-5539f7d elementor-section-height-min-height elementor-section-boxed elementor-section-height-default elementor-section-items-middle\" data-id=\"5539f7d\" data-element_type=\"section\" data-e-type=\"section\" data-settings=\"{&quot;background_background&quot;:&quot;classic&quot;}\">\n\t\t\t\t\t\t<div class=\"elementor-container elementor-column-gap-default\">\n\t\t\t\t\t<div class=\"elementor-column elementor-col-33 elementor-top-column elementor-element elementor-element-4cd88d5\" data-id=\"4cd88d5\" data-element_type=\"column\" data-e-type=\"column\">\n\t\t\t<div class=\"elementor-widget-wrap elementor-element-populated\">\n\t\t\t\t\t\t<div class=\"elementor-element elementor-element-65fe36f elementor-widget__width-initial elementor-absolute elementor-widget elementor-widget-image\" data-id=\"65fe36f\" data-element_type=\"widget\" data-e-type=\"widget\" data-settings=\"{&quot;_position&quot;:&quot;absolute&quot;,&quot;motion_fx_motion_fx_scrolling&quot;:&quot;yes&quot;,&quot;motion_fx_translateY_effect&quot;:&quot;yes&quot;,&quot;motion_fx_translateY_speed&quot;:{&quot;unit&quot;:&quot;px&quot;,&quot;size&quot;:&quot;0.8&quot;,&quot;sizes&quot;:[]},&quot;motion_fx_translateX_effect&quot;:&quot;yes&quot;,&quot;motion_fx_translateX_speed&quot;:{&quot;unit&quot;:&quot;px&quot;,&quot;size&quot;:&quot;1.3&quot;,&quot;sizes&quot;:[]},&quot;motion_fx_translateY_affectedRange&quot;:{&quot;unit&quot;:&quot;%&quot;,&quot;size&quot;:&quot;&quot;,&quot;sizes&quot;:{&quot;start&quot;:0,&quot;end&quot;:100}},&quot;motion_fx_translateX_affectedRange&quot;:{&quot;unit&quot;:&quot;%&quot;,&quot;size&quot;:&quot;&quot;,&quot;sizes&quot;:{&quot;start&quot;:0,&quot;end&quot;:100}},&quot;motion_fx_devices&quot;:[&quot;desktop&quot;,&quot;tablet&quot;,&quot;mobile&quot;]}\" data-widget_type=\"image.default\">\n\t\t\t\t<div class=\"elementor-widget-container\">\n\t\t\t\t\t\t\t\t\t\t\t\t\t\t\t<img decoding=\"async\" width=\"1\" height=\"1\" src=\"https:\/\/jobs.hallmark.be\/fr\/wp-content\/uploads\/sites\/3\/2021\/07\/element-geel.svg\" class=\"attachment-large size-large wp-image-361\" alt=\"\" \/>\t\t\t\t\t\t\t\t\t\t\t\t\t\t\t<\/div>\n\t\t\t\t<\/div>\n\t\t\t\t\t<\/div>\n\t\t<\/div>\n\t\t\t\t<div class=\"elementor-column elementor-col-33 elementor-top-column elementor-element elementor-element-c32163d\" data-id=\"c32163d\" data-element_type=\"column\" data-e-type=\"column\">\n\t\t\t<div class=\"elementor-widget-wrap elementor-element-populated\">\n\t\t\t\t\t\t<div class=\"elementor-element elementor-element-f8803ab elementor-widget elementor-widget-heading\" data-id=\"f8803ab\" data-element_type=\"widget\" data-e-type=\"widget\" data-widget_type=\"heading.default\">\n\t\t\t\t<div class=\"elementor-widget-container\">\n\t\t\t\t\t<h1 class=\"elementor-heading-title elementor-size-default\">sales<\/h1>\t\t\t\t<\/div>\n\t\t\t\t<\/div>\n\t\t\t\t\t<\/div>\n\t\t<\/div>\n\t\t\t\t<div class=\"elementor-column elementor-col-33 elementor-top-column elementor-element elementor-element-a6945aa\" data-id=\"a6945aa\" data-element_type=\"column\" data-e-type=\"column\">\n\t\t\t<div class=\"elementor-widget-wrap elementor-element-populated\">\n\t\t\t\t\t\t<div class=\"elementor-element elementor-element-864cee5 elementor-widget__width-initial elementor-absolute elementor-widget elementor-widget-image\" data-id=\"864cee5\" data-element_type=\"widget\" data-e-type=\"widget\" data-settings=\"{&quot;_position&quot;:&quot;absolute&quot;,&quot;motion_fx_motion_fx_scrolling&quot;:&quot;yes&quot;,&quot;motion_fx_translateY_effect&quot;:&quot;yes&quot;,&quot;motion_fx_translateY_speed&quot;:{&quot;unit&quot;:&quot;px&quot;,&quot;size&quot;:&quot;1.2&quot;,&quot;sizes&quot;:[]},&quot;motion_fx_translateX_effect&quot;:&quot;yes&quot;,&quot;motion_fx_translateX_direction&quot;:&quot;negative&quot;,&quot;motion_fx_translateX_speed&quot;:{&quot;unit&quot;:&quot;px&quot;,&quot;size&quot;:&quot;1.1&quot;,&quot;sizes&quot;:[]},&quot;motion_fx_translateY_affectedRange&quot;:{&quot;unit&quot;:&quot;%&quot;,&quot;size&quot;:&quot;&quot;,&quot;sizes&quot;:{&quot;start&quot;:0,&quot;end&quot;:100}},&quot;motion_fx_translateX_affectedRange&quot;:{&quot;unit&quot;:&quot;%&quot;,&quot;size&quot;:&quot;&quot;,&quot;sizes&quot;:{&quot;start&quot;:0,&quot;end&quot;:100}},&quot;motion_fx_devices&quot;:[&quot;desktop&quot;,&quot;tablet&quot;,&quot;mobile&quot;]}\" data-widget_type=\"image.default\">\n\t\t\t\t<div class=\"elementor-widget-container\">\n\t\t\t\t\t\t\t\t\t\t\t\t\t\t\t<img decoding=\"async\" width=\"1\" height=\"1\" src=\"https:\/\/jobs.hallmark.be\/fr\/wp-content\/uploads\/sites\/3\/2021\/07\/element-roze.svg\" class=\"attachment-large size-large wp-image-371\" alt=\"\" \/>\t\t\t\t\t\t\t\t\t\t\t\t\t\t\t<\/div>\n\t\t\t\t<\/div>\n\t\t\t\t\t<\/div>\n\t\t<\/div>\n\t\t\t\t\t<\/div>\n\t\t<\/section>\n\t\t\t\t<section class=\"elementor-section elementor-top-section elementor-element elementor-element-49d5e3c elementor-section-boxed elementor-section-height-default elementor-section-height-default\" data-id=\"49d5e3c\" data-element_type=\"section\" data-e-type=\"section\">\n\t\t\t\t\t\t<div class=\"elementor-container elementor-column-gap-default\">\n\t\t\t\t\t<div class=\"elementor-column elementor-col-100 elementor-top-column elementor-element elementor-element-e26f13a\" data-id=\"e26f13a\" data-element_type=\"column\" data-e-type=\"column\">\n\t\t\t<div class=\"elementor-widget-wrap elementor-element-populated\">\n\t\t\t\t\t\t<div class=\"elementor-element elementor-element-eeb59c3 elementor-widget elementor-widget-spacer\" data-id=\"eeb59c3\" data-element_type=\"widget\" data-e-type=\"widget\" data-widget_type=\"spacer.default\">\n\t\t\t\t<div class=\"elementor-widget-container\">\n\t\t\t\t\t\t\t<div class=\"elementor-spacer\">\n\t\t\t<div class=\"elementor-spacer-inner\"><\/div>\n\t\t<\/div>\n\t\t\t\t\t\t<\/div>\n\t\t\t\t<\/div>\n\t\t\t\t\t<\/div>\n\t\t<\/div>\n\t\t\t\t\t<\/div>\n\t\t<\/section>\n\t\t\t\t<section class=\"elementor-section elementor-top-section elementor-element elementor-element-5fb172af elementor-section-boxed elementor-section-height-default elementor-section-height-default\" data-id=\"5fb172af\" data-element_type=\"section\" data-e-type=\"section\">\n\t\t\t\t\t\t<div class=\"elementor-container elementor-column-gap-default\">\n\t\t\t\t\t<div class=\"elementor-column elementor-col-100 elementor-top-column elementor-element elementor-element-f16dfb4\" data-id=\"f16dfb4\" data-element_type=\"column\" data-e-type=\"column\">\n\t\t\t<div class=\"elementor-widget-wrap elementor-element-populated\">\n\t\t\t\t\t\t<div class=\"elementor-element elementor-element-68d2af5b elementor-widget elementor-widget-text-editor\" data-id=\"68d2af5b\" data-element_type=\"widget\" data-e-type=\"widget\" data-widget_type=\"text-editor.default\">\n\t\t\t\t<div class=\"elementor-widget-container\">\n\t\t\t\t\t\t\t\t\t<p>En collaboration avec les diff\u00e9rents &lsquo;squads&rsquo;, le d\u00e9partement sales est responsable des r\u00e9sultats en termes de vente de Hallmark. Les coll\u00e8gues des sales sont les yeux et les oreilles de l&rsquo;entreprise et informent le client des nouvelles collections \u00e0 venir. En outre, ils transmettent \u00e0 Hallmark les demandes de certains produits qu\u2019ils rep\u00e8rent sur le march\u00e9.<\/p><p>Les principales t\u00e2ches du d\u00e9partement sont de gagner de nouveaux clients, de maintenir la relation avec nos clients actuels et de vendre les collections.<\/p><p>Pour notre r\u00e9seau de clients avec qui nous convenons d&rsquo;un niveau de service, nous garantissons toujours \u00e0 100 % une gestion impeccable des pr\u00e9sentations en magasin, en collaboration avec notre \u00e9quipe de service merchandisers.<\/p><p>L&rsquo;objectif est de r\u00e9aliser une croissance commerciale en concertation avec nos clients et partenaires, dans le cadre d&rsquo;une situation win-win.<\/p>\t\t\t\t\t\t\t\t<\/div>\n\t\t\t\t<\/div>\n\t\t\t\t\t<\/div>\n\t\t<\/div>\n\t\t\t\t\t<\/div>\n\t\t<\/section>\n\t\t\t\t<\/div>\n\t\t","protected":false},"excerpt":{"rendered":"<p>sales En collaboration avec les diff\u00e9rents &lsquo;squads&rsquo;, le d\u00e9partement sales est responsable des r\u00e9sultats en termes de vente de Hallmark. Les coll\u00e8gues des sales sont les yeux et les oreilles de l&rsquo;entreprise et informent le client des nouvelles collections \u00e0 venir. En outre, ils transmettent \u00e0 Hallmark les demandes de certains produits qu\u2019ils rep\u00e8rent sur [&hellip;]<\/p>\n","protected":false},"author":5,"featured_media":1126,"parent":84,"menu_order":0,"comment_status":"closed","ping_status":"closed","template":"elementor_header_footer","meta":{"_acf_changed":false,"footnotes":""},"class_list":["post-1221","page","type-page","status-publish","has-post-thumbnail","hentry"],"acf":[],"yoast_head":"<!-- This site is optimized with the Yoast SEO plugin v27.4 - https:\/\/yoast.com\/product\/yoast-seo-wordpress\/ -->\n<title>Sales - Travailler chez Hallmark<\/title>\n<meta name=\"robots\" content=\"index, follow, max-snippet:-1, max-image-preview:large, max-video-preview:-1\" \/>\n<link rel=\"canonical\" href=\"https:\/\/jobs.hallmark.be\/fr\/domaines-de-competences\/sales-2\/\" \/>\n<meta property=\"og:locale\" content=\"fr_FR\" \/>\n<meta property=\"og:type\" content=\"article\" \/>\n<meta property=\"og:title\" content=\"Sales - Travailler chez Hallmark\" \/>\n<meta property=\"og:description\" content=\"sales En collaboration avec les diff\u00e9rents &lsquo;squads&rsquo;, le d\u00e9partement sales est responsable des r\u00e9sultats en termes de vente de Hallmark. Les coll\u00e8gues des sales sont les yeux et les oreilles de l&rsquo;entreprise et informent le client des nouvelles collections \u00e0 venir. En outre, ils transmettent \u00e0 Hallmark les demandes de certains produits qu\u2019ils rep\u00e8rent sur [&hellip;]\" \/>\n<meta property=\"og:url\" content=\"https:\/\/jobs.hallmark.be\/fr\/domaines-de-competences\/sales-2\/\" \/>\n<meta property=\"og:site_name\" content=\"Travailler chez Hallmark\" \/>\n<meta property=\"article:modified_time\" content=\"2022-01-07T09:31:17+00:00\" \/>\n<meta property=\"og:image\" content=\"https:\/\/jobs.hallmark.be\/fr\/wp-content\/uploads\/sites\/3\/2021\/07\/Hallmark-header-\u2013-1.jpg\" \/>\n\t<meta property=\"og:image:width\" content=\"1920\" \/>\n\t<meta property=\"og:image:height\" content=\"448\" \/>\n\t<meta property=\"og:image:type\" content=\"image\/jpeg\" \/>\n<meta name=\"twitter:card\" content=\"summary_large_image\" \/>\n<meta name=\"twitter:label1\" content=\"Dur\u00e9e de lecture est.\" \/>\n\t<meta name=\"twitter:data1\" content=\"1 minute\" \/>\n<script type=\"application\/ld+json\" class=\"yoast-schema-graph\">{\"@context\":\"https:\\\/\\\/schema.org\",\"@graph\":[{\"@type\":\"WebPage\",\"@id\":\"https:\\\/\\\/jobs.hallmark.be\\\/fr\\\/domaines-de-competences\\\/sales-2\\\/\",\"url\":\"https:\\\/\\\/jobs.hallmark.be\\\/fr\\\/domaines-de-competences\\\/sales-2\\\/\",\"name\":\"Sales - Travailler chez Hallmark\",\"isPartOf\":{\"@id\":\"https:\\\/\\\/jobs.hallmark.be\\\/fr\\\/#website\"},\"primaryImageOfPage\":{\"@id\":\"https:\\\/\\\/jobs.hallmark.be\\\/fr\\\/domaines-de-competences\\\/sales-2\\\/#primaryimage\"},\"image\":{\"@id\":\"https:\\\/\\\/jobs.hallmark.be\\\/fr\\\/domaines-de-competences\\\/sales-2\\\/#primaryimage\"},\"thumbnailUrl\":\"https:\\\/\\\/jobs.hallmark.be\\\/fr\\\/wp-content\\\/uploads\\\/sites\\\/3\\\/2021\\\/07\\\/Hallmark-header-\u2013-1.jpg\",\"datePublished\":\"2021-07-26T10:00:41+00:00\",\"dateModified\":\"2022-01-07T09:31:17+00:00\",\"breadcrumb\":{\"@id\":\"https:\\\/\\\/jobs.hallmark.be\\\/fr\\\/domaines-de-competences\\\/sales-2\\\/#breadcrumb\"},\"inLanguage\":\"fr-BE\",\"potentialAction\":[{\"@type\":\"ReadAction\",\"target\":[\"https:\\\/\\\/jobs.hallmark.be\\\/fr\\\/domaines-de-competences\\\/sales-2\\\/\"]}]},{\"@type\":\"ImageObject\",\"inLanguage\":\"fr-BE\",\"@id\":\"https:\\\/\\\/jobs.hallmark.be\\\/fr\\\/domaines-de-competences\\\/sales-2\\\/#primaryimage\",\"url\":\"https:\\\/\\\/jobs.hallmark.be\\\/fr\\\/wp-content\\\/uploads\\\/sites\\\/3\\\/2021\\\/07\\\/Hallmark-header-\u2013-1.jpg\",\"contentUrl\":\"https:\\\/\\\/jobs.hallmark.be\\\/fr\\\/wp-content\\\/uploads\\\/sites\\\/3\\\/2021\\\/07\\\/Hallmark-header-\u2013-1.jpg\",\"width\":1920,\"height\":448},{\"@type\":\"BreadcrumbList\",\"@id\":\"https:\\\/\\\/jobs.hallmark.be\\\/fr\\\/domaines-de-competences\\\/sales-2\\\/#breadcrumb\",\"itemListElement\":[{\"@type\":\"ListItem\",\"position\":1,\"name\":\"Home\",\"item\":\"https:\\\/\\\/jobs.hallmark.be\\\/fr\\\/\"},{\"@type\":\"ListItem\",\"position\":2,\"name\":\"Domaines de comp\u00e9tences\",\"item\":\"https:\\\/\\\/jobs.hallmark.be\\\/fr\\\/domaines-de-competences\\\/\"},{\"@type\":\"ListItem\",\"position\":3,\"name\":\"Sales\"}]},{\"@type\":\"WebSite\",\"@id\":\"https:\\\/\\\/jobs.hallmark.be\\\/fr\\\/#website\",\"url\":\"https:\\\/\\\/jobs.hallmark.be\\\/fr\\\/\",\"name\":\"Travailler chez Hallmark\",\"description\":\"Voir et saisir les opportunit\u00e9s\",\"publisher\":{\"@id\":\"https:\\\/\\\/jobs.hallmark.be\\\/fr\\\/#organization\"},\"potentialAction\":[{\"@type\":\"SearchAction\",\"target\":{\"@type\":\"EntryPoint\",\"urlTemplate\":\"https:\\\/\\\/jobs.hallmark.be\\\/fr\\\/?s={search_term_string}\"},\"query-input\":{\"@type\":\"PropertyValueSpecification\",\"valueRequired\":true,\"valueName\":\"search_term_string\"}}],\"inLanguage\":\"fr-BE\"},{\"@type\":\"Organization\",\"@id\":\"https:\\\/\\\/jobs.hallmark.be\\\/fr\\\/#organization\",\"name\":\"Hallmark\",\"url\":\"https:\\\/\\\/jobs.hallmark.be\\\/fr\\\/\",\"logo\":{\"@type\":\"ImageObject\",\"inLanguage\":\"fr-BE\",\"@id\":\"https:\\\/\\\/jobs.hallmark.be\\\/fr\\\/#\\\/schema\\\/logo\\\/image\\\/\",\"url\":\"https:\\\/\\\/jobs.hallmark.be\\\/fr\\\/wp-content\\\/uploads\\\/sites\\\/3\\\/2021\\\/06\\\/Hallmark-logo.svg\",\"contentUrl\":\"https:\\\/\\\/jobs.hallmark.be\\\/fr\\\/wp-content\\\/uploads\\\/sites\\\/3\\\/2021\\\/06\\\/Hallmark-logo.svg\",\"width\":1,\"height\":1,\"caption\":\"Hallmark\"},\"image\":{\"@id\":\"https:\\\/\\\/jobs.hallmark.be\\\/fr\\\/#\\\/schema\\\/logo\\\/image\\\/\"}}]}<\/script>\n<!-- \/ Yoast SEO plugin. -->","yoast_head_json":{"title":"Sales - Travailler chez Hallmark","robots":{"index":"index","follow":"follow","max-snippet":"max-snippet:-1","max-image-preview":"max-image-preview:large","max-video-preview":"max-video-preview:-1"},"canonical":"https:\/\/jobs.hallmark.be\/fr\/domaines-de-competences\/sales-2\/","og_locale":"fr_FR","og_type":"article","og_title":"Sales - Travailler chez Hallmark","og_description":"sales En collaboration avec les diff\u00e9rents &lsquo;squads&rsquo;, le d\u00e9partement sales est responsable des r\u00e9sultats en termes de vente de Hallmark. Les coll\u00e8gues des sales sont les yeux et les oreilles de l&rsquo;entreprise et informent le client des nouvelles collections \u00e0 venir. En outre, ils transmettent \u00e0 Hallmark les demandes de certains produits qu\u2019ils rep\u00e8rent sur [&hellip;]","og_url":"https:\/\/jobs.hallmark.be\/fr\/domaines-de-competences\/sales-2\/","og_site_name":"Travailler chez Hallmark","article_modified_time":"2022-01-07T09:31:17+00:00","og_image":[{"width":1920,"height":448,"url":"https:\/\/jobs.hallmark.be\/fr\/wp-content\/uploads\/sites\/3\/2021\/07\/Hallmark-header-\u2013-1.jpg","type":"image\/jpeg"}],"twitter_card":"summary_large_image","twitter_misc":{"Dur\u00e9e de lecture est.":"1 minute"},"schema":{"@context":"https:\/\/schema.org","@graph":[{"@type":"WebPage","@id":"https:\/\/jobs.hallmark.be\/fr\/domaines-de-competences\/sales-2\/","url":"https:\/\/jobs.hallmark.be\/fr\/domaines-de-competences\/sales-2\/","name":"Sales - Travailler chez Hallmark","isPartOf":{"@id":"https:\/\/jobs.hallmark.be\/fr\/#website"},"primaryImageOfPage":{"@id":"https:\/\/jobs.hallmark.be\/fr\/domaines-de-competences\/sales-2\/#primaryimage"},"image":{"@id":"https:\/\/jobs.hallmark.be\/fr\/domaines-de-competences\/sales-2\/#primaryimage"},"thumbnailUrl":"https:\/\/jobs.hallmark.be\/fr\/wp-content\/uploads\/sites\/3\/2021\/07\/Hallmark-header-\u2013-1.jpg","datePublished":"2021-07-26T10:00:41+00:00","dateModified":"2022-01-07T09:31:17+00:00","breadcrumb":{"@id":"https:\/\/jobs.hallmark.be\/fr\/domaines-de-competences\/sales-2\/#breadcrumb"},"inLanguage":"fr-BE","potentialAction":[{"@type":"ReadAction","target":["https:\/\/jobs.hallmark.be\/fr\/domaines-de-competences\/sales-2\/"]}]},{"@type":"ImageObject","inLanguage":"fr-BE","@id":"https:\/\/jobs.hallmark.be\/fr\/domaines-de-competences\/sales-2\/#primaryimage","url":"https:\/\/jobs.hallmark.be\/fr\/wp-content\/uploads\/sites\/3\/2021\/07\/Hallmark-header-\u2013-1.jpg","contentUrl":"https:\/\/jobs.hallmark.be\/fr\/wp-content\/uploads\/sites\/3\/2021\/07\/Hallmark-header-\u2013-1.jpg","width":1920,"height":448},{"@type":"BreadcrumbList","@id":"https:\/\/jobs.hallmark.be\/fr\/domaines-de-competences\/sales-2\/#breadcrumb","itemListElement":[{"@type":"ListItem","position":1,"name":"Home","item":"https:\/\/jobs.hallmark.be\/fr\/"},{"@type":"ListItem","position":2,"name":"Domaines de comp\u00e9tences","item":"https:\/\/jobs.hallmark.be\/fr\/domaines-de-competences\/"},{"@type":"ListItem","position":3,"name":"Sales"}]},{"@type":"WebSite","@id":"https:\/\/jobs.hallmark.be\/fr\/#website","url":"https:\/\/jobs.hallmark.be\/fr\/","name":"Travailler chez Hallmark","description":"Voir et saisir les opportunit\u00e9s","publisher":{"@id":"https:\/\/jobs.hallmark.be\/fr\/#organization"},"potentialAction":[{"@type":"SearchAction","target":{"@type":"EntryPoint","urlTemplate":"https:\/\/jobs.hallmark.be\/fr\/?s={search_term_string}"},"query-input":{"@type":"PropertyValueSpecification","valueRequired":true,"valueName":"search_term_string"}}],"inLanguage":"fr-BE"},{"@type":"Organization","@id":"https:\/\/jobs.hallmark.be\/fr\/#organization","name":"Hallmark","url":"https:\/\/jobs.hallmark.be\/fr\/","logo":{"@type":"ImageObject","inLanguage":"fr-BE","@id":"https:\/\/jobs.hallmark.be\/fr\/#\/schema\/logo\/image\/","url":"https:\/\/jobs.hallmark.be\/fr\/wp-content\/uploads\/sites\/3\/2021\/06\/Hallmark-logo.svg","contentUrl":"https:\/\/jobs.hallmark.be\/fr\/wp-content\/uploads\/sites\/3\/2021\/06\/Hallmark-logo.svg","width":1,"height":1,"caption":"Hallmark"},"image":{"@id":"https:\/\/jobs.hallmark.be\/fr\/#\/schema\/logo\/image\/"}}]}},"_links":{"self":[{"href":"https:\/\/jobs.hallmark.be\/fr\/wp-json\/wp\/v2\/pages\/1221","targetHints":{"allow":["GET"]}}],"collection":[{"href":"https:\/\/jobs.hallmark.be\/fr\/wp-json\/wp\/v2\/pages"}],"about":[{"href":"https:\/\/jobs.hallmark.be\/fr\/wp-json\/wp\/v2\/types\/page"}],"author":[{"embeddable":true,"href":"https:\/\/jobs.hallmark.be\/fr\/wp-json\/wp\/v2\/users\/5"}],"replies":[{"embeddable":true,"href":"https:\/\/jobs.hallmark.be\/fr\/wp-json\/wp\/v2\/comments?post=1221"}],"version-history":[{"count":36,"href":"https:\/\/jobs.hallmark.be\/fr\/wp-json\/wp\/v2\/pages\/1221\/revisions"}],"predecessor-version":[{"id":2489,"href":"https:\/\/jobs.hallmark.be\/fr\/wp-json\/wp\/v2\/pages\/1221\/revisions\/2489"}],"up":[{"embeddable":true,"href":"https:\/\/jobs.hallmark.be\/fr\/wp-json\/wp\/v2\/pages\/84"}],"wp:featuredmedia":[{"embeddable":true,"href":"https:\/\/jobs.hallmark.be\/fr\/wp-json\/wp\/v2\/media\/1126"}],"wp:attachment":[{"href":"https:\/\/jobs.hallmark.be\/fr\/wp-json\/wp\/v2\/media?parent=1221"}],"curies":[{"name":"wp","href":"https:\/\/api.w.org\/{rel}","templated":true}]}}